{"id":410,"date":"2021-02-28T17:46:37","date_gmt":"2021-02-28T16:46:37","guid":{"rendered":"https:\/\/portail.college-lechaudron.ac-reunion.fr\/wordpress\/technologie\/?page_id=410"},"modified":"2021-02-28T17:46:38","modified_gmt":"2021-02-28T16:46:38","slug":"ulisapprendre-a-dessiner-en-3d-avec-tinkercad","status":"publish","type":"page","link":"https:\/\/portail.college-lechaudron.ac-reunion.fr\/wordpress\/technologie\/ulisapprendre-a-dessiner-en-3d-avec-tinkercad\/","title":{"rendered":"ULIS:Apprendre \u00e0 dessiner en 3D avec TINKERCAD"},"content":{"rendered":"\n<h2>Tu es dans le groupe\u00a0 <strong>ULIS<\/strong>:<\/h2>\n\n\n\n<p>Tu as deux m\u00e9thodes pour te connecter:<\/p>\n\n\n\n<p>&nbsp;<strong>Premi\u00e8re m\u00e9thode:&nbsp; Tu as un lien de classe?<\/strong><\/p>\n\n\n\n<ul><li>\u00c9tape 1: Clique sur <a rel=\"noreferrer noopener\" href=\"https:\/\/www.tinkercad.com\/joinclass\/W5GWBADCC149\" target=\"_blank\">https:\/\/www.tinkercad.com\/joinclass\/789DPNVL4MFS<\/a>\u00a0pour acc\u00e9der \u00e0 ta classe.<\/li><li>\u00c9tape 2: Entre le <strong>pseudo<\/strong>\u00a0que ton professeur t&rsquo;a attribu\u00e9.<\/li><\/ul>\n\n\n\n<p><strong>Deuxi\u00e8me m\u00e9thode: Tu as un code de classe?<\/strong><\/p>\n\n\n\n<ul><li>\u00c9tape 1: Acc\u00e8de \u00e0 <a rel=\"noreferrer noopener\" href=\"https:\/\/www.tinkercad.com\/joinclass\" target=\"_blank\">https:\/\/www.tinkercad.com\/\u00a0<strong>joinclass<\/strong><\/a><\/li><li>\u00c9tape 2: Entre ton code de classe: <strong>789DPNVL4MFS<\/strong><\/li><li>\u00c9tape 3: Entre le <strong>pseudo<\/strong>\u00a0que ton professeur t&rsquo;a attribu\u00e9.<\/li><\/ul>\n\n\n\n<figure class=\"wp-block-image size-large\"><img decoding=\"async\" loading=\"lazy\" width=\"648\" height=\"532\" src=\"https:\/\/portail.college-lechaudron.ac-reunion.fr\/wordpress\/technologie\/files\/2021\/02\/TINKERCAD-CONCEPTION-TUTO1.png\" alt=\"\" class=\"wp-image-374\" srcset=\"https:\/\/portail.college-lechaudron.ac-reunion.fr\/wordpress\/technologie\/files\/2021\/02\/TINKERCAD-CONCEPTION-TUTO1.png 648w, https:\/\/portail.college-lechaudron.ac-reunion.fr\/wordpress\/technologie\/files\/2021\/02\/TINKERCAD-CONCEPTION-TUTO1-300x246.png 300w\" sizes=\"(max-width: 648px) 100vw, 648px\" \/><\/figure>\n\n\n\n<figure class=\"wp-block-image size-large\"><img decoding=\"async\" loading=\"lazy\" width=\"636\" height=\"522\" src=\"https:\/\/portail.college-lechaudron.ac-reunion.fr\/wordpress\/technologie\/files\/2021\/02\/TINKERCAD-CONCEPTION-TUTO2.png\" alt=\"\" class=\"wp-image-375\" srcset=\"https:\/\/portail.college-lechaudron.ac-reunion.fr\/wordpress\/technologie\/files\/2021\/02\/TINKERCAD-CONCEPTION-TUTO2.png 636w, https:\/\/portail.college-lechaudron.ac-reunion.fr\/wordpress\/technologie\/files\/2021\/02\/TINKERCAD-CONCEPTION-TUTO2-300x246.png 300w\" sizes=\"(max-width: 636px) 100vw, 636px\" \/><\/figure>\n\n\n\n<figure class=\"wp-block-image size-large\"><img decoding=\"async\" loading=\"lazy\" width=\"661\" height=\"415\" src=\"https:\/\/portail.college-lechaudron.ac-reunion.fr\/wordpress\/technologie\/files\/2021\/02\/TINKERCAD-CONCEPTION-TUTO3.png\" alt=\"\" class=\"wp-image-376\" srcset=\"https:\/\/portail.college-lechaudron.ac-reunion.fr\/wordpress\/technologie\/files\/2021\/02\/TINKERCAD-CONCEPTION-TUTO3.png 661w, https:\/\/portail.college-lechaudron.ac-reunion.fr\/wordpress\/technologie\/files\/2021\/02\/TINKERCAD-CONCEPTION-TUTO3-300x188.png 300w\" sizes=\"(max-width: 661px) 100vw, 661px\" \/><\/figure>\n\n\n\n<figure class=\"wp-block-image size-large\"><img decoding=\"async\" loading=\"lazy\" width=\"633\" height=\"551\" src=\"https:\/\/portail.college-lechaudron.ac-reunion.fr\/wordpress\/technologie\/files\/2021\/02\/TINKERCAD-CONCEPTION-TUTO4.png\" alt=\"\" class=\"wp-image-377\" srcset=\"https:\/\/portail.college-lechaudron.ac-reunion.fr\/wordpress\/technologie\/files\/2021\/02\/TINKERCAD-CONCEPTION-TUTO4.png 633w, https:\/\/portail.college-lechaudron.ac-reunion.fr\/wordpress\/technologie\/files\/2021\/02\/TINKERCAD-CONCEPTION-TUTO4-300x261.png 300w\" sizes=\"(max-width: 633px) 100vw, 633px\" \/><\/figure>\n","protected":false},"excerpt":{"rendered":"<p>Tu es dans le groupe\u00a0 ULIS: Tu as deux m\u00e9thodes pour te connecter: &nbsp;Premi\u00e8re m\u00e9thode:&nbsp; Tu as un lien de classe? \u00c9tape 1: Clique sur https:\/\/www.tinkercad.com\/joinclass\/789DPNVL4MFS\u00a0pour acc\u00e9der \u00e0 ta classe. \u00c9tape 2: Entre le pseudo\u00a0que ton professeur t&rsquo;a attribu\u00e9. Deuxi\u00e8me m\u00e9thode: Tu as un code de classe? \u00c9tape 1: Acc\u00e8de \u00e0 https:\/\/www.tinkercad.com\/\u00a0joinclass \u00c9tape 2: Entre &hellip; <a href=\"https:\/\/portail.college-lechaudron.ac-reunion.fr\/wordpress\/technologie\/ulisapprendre-a-dessiner-en-3d-avec-tinkercad\/\" class=\"more-link\">Continuer la lecture de <span class=\"screen-reader-text\">ULIS:Apprendre \u00e0 dessiner en 3D avec TINKERCAD<\/span> <span class=\"meta-nav\">&rarr;<\/span><\/a><\/p>\n","protected":false},"author":72,"featured_media":0,"parent":0,"menu_order":0,"comment_status":"closed","ping_status":"closed","template":"","meta":{"_links_to":"","_links_to_target":""},"_links":{"self":[{"href":"https:\/\/portail.college-lechaudron.ac-reunion.fr\/wordpress\/technologie\/wp-json\/wp\/v2\/pages\/410"}],"collection":[{"href":"https:\/\/portail.college-lechaudron.ac-reunion.fr\/wordpress\/technologie\/wp-json\/wp\/v2\/pages"}],"about":[{"href":"https:\/\/portail.college-lechaudron.ac-reunion.fr\/wordpress\/technologie\/wp-json\/wp\/v2\/types\/page"}],"author":[{"embeddable":true,"href":"https:\/\/portail.college-lechaudron.ac-reunion.fr\/wordpress\/technologie\/wp-json\/wp\/v2\/users\/72"}],"replies":[{"embeddable":true,"href":"https:\/\/portail.college-lechaudron.ac-reunion.fr\/wordpress\/technologie\/wp-json\/wp\/v2\/comments?post=410"}],"version-history":[{"count":2,"href":"https:\/\/portail.college-lechaudron.ac-reunion.fr\/wordpress\/technologie\/wp-json\/wp\/v2\/pages\/410\/revisions"}],"predecessor-version":[{"id":412,"href":"https:\/\/portail.college-lechaudron.ac-reunion.fr\/wordpress\/technologie\/wp-json\/wp\/v2\/pages\/410\/revisions\/412"}],"wp:attachment":[{"href":"https:\/\/portail.college-lechaudron.ac-reunion.fr\/wordpress\/technologie\/wp-json\/wp\/v2\/media?parent=410"}],"curies":[{"name":"wp","href":"https:\/\/api.w.org\/{rel}","templated":true}]}}